{"id":46,"date":"2024-10-17T10:16:28","date_gmt":"2024-10-17T10:16:28","guid":{"rendered":"https:\/\/service.geekompc.com\/?page_id=46"},"modified":"2024-10-25T01:28:17","modified_gmt":"2024-10-25T01:28:17","slug":"home","status":"publish","type":"page","link":"https:\/\/service.geekompc.com\/es\/","title":{"rendered":"home"},"content":{"rendered":"<div class=\"capa-container\">\n        \n        <div class=\"capa-search-background\">\n        <div class=\"capa-search-post\">\n            <h1 class=\"title\">Bienvenido al Centro de Soporte T\u00e9cnico de GEEKOM<\/h1>\n        <div class=\"capa-search-bar\">\n            <input type=\"text\" id=\"capa-search-input\" placeholder=\"Buscar productos...\">\n            <button id=\"capa-search-button\">Buscar en<\/button>\n        <\/div>\n\n        <!-- \u6700\u65b0\u6587\u7ae0\u6309\u94ae -->\n        <div class=\"latest-posts-buttons\">\n                            <button class=\"latest-post-button\">IT13 Max<\/button>\n                            <button class=\"latest-post-button\">GT13 Max<\/button>\n                            <button class=\"latest-post-button\">X16 Pro\uff08NX16AM\uff09<\/button>\n                            <button class=\"latest-post-button\">A9 Mega<\/button>\n                            <button class=\"latest-post-button\">GT15 Max<\/button>\n                    <\/div>\n        <\/div>\n        <\/div>\n        <div class=\"capa-content-aotema\">\n        \n        <div class=\"capa-content\">\n            <h2 class=\"tabs-title\">Series de productos<\/h2>\n            <!-- \u5de6\u4fa7\u9009\u9879\u5361\uff08PC \u7aef\uff09 -->\n            <div class=\"capa-tabs-title\">\n            <div class=\"capa-tabs\">\n                <!-- \u76f4\u63a5\u663e\u793a\u5206\u7c7b\u9009\u9879\u5361 -->\n                <div class=\"categories-list\">\n                    <div class=\"capa-tab active\" data-category=\"12\">Serie A<\/div><div class=\"capa-tab\" data-category=\"13\">Serie AE<\/div><div class=\"capa-tab\" data-category=\"3\">Serie Aire<\/div><div class=\"capa-tab\" data-category=\"16\">Serie AS<\/div><div class=\"capa-tab\" data-category=\"14\">Serie AX<\/div><div class=\"capa-tab\" data-category=\"17\">Series Fun<\/div><div class=\"capa-tab\" data-category=\"11\">G Series<\/div><div class=\"capa-tab\" data-category=\"36\">GeekBook X Series<\/div><div class=\"capa-tab\" data-category=\"9\">Serie GT<\/div><div class=\"capa-tab\" data-category=\"4\">Serie IT<\/div><div class=\"capa-tab\" data-category=\"10\">Serie XT<\/div>                <\/div>\n\n                <!-- \u6807\u7b7e -->\n                <div class=\"tags-list\">\n                                    <\/div>\n            <\/div>\n\n            <!-- \u5206\u7c7b\u624b\u98ce\u7434\uff08\u79fb\u52a8\u7aef\uff09 -->\n            <div class=\"capa-accordion\">\n                                    <div class=\"accordion-item\">\n                        <h4 class=\"accordion-header active\" data-category=\"12\">\n                            Serie A                        <\/h4>\n                        <div class=\"accordion-content\">\n                            <!-- \u52a0\u8f7d\u52a8\u753b\u548c\u6587\u7ae0\u5bb9\u5668 -->\n                            <div class=\"spinner\" style=\"display:none;\"><\/div>\n                            <div class=\"posts-container\">\n                                <!-- \u6587\u7ae0\u5c06\u52a0\u8f7d\u5230\u8fd9\u91cc -->\n                            <\/div>\n                        <\/div>\n                    <\/div>\n                                        <div class=\"accordion-item\">\n                        <h4 class=\"accordion-header\" data-category=\"13\">\n                            Serie AE                        <\/h4>\n                        <div class=\"accordion-content\">\n                            <!-- \u52a0\u8f7d\u52a8\u753b\u548c\u6587\u7ae0\u5bb9\u5668 -->\n                            <div class=\"spinner\" style=\"display:none;\"><\/div>\n                            <div class=\"posts-container\">\n                                <!-- \u6587\u7ae0\u5c06\u52a0\u8f7d\u5230\u8fd9\u91cc -->\n                            <\/div>\n                        <\/div>\n                    <\/div>\n                                        <div class=\"accordion-item\">\n                        <h4 class=\"accordion-header\" data-category=\"3\">\n                            Serie Aire                        <\/h4>\n                        <div class=\"accordion-content\">\n                            <!-- \u52a0\u8f7d\u52a8\u753b\u548c\u6587\u7ae0\u5bb9\u5668 -->\n                            <div class=\"spinner\" style=\"display:none;\"><\/div>\n                            <div class=\"posts-container\">\n                                <!-- \u6587\u7ae0\u5c06\u52a0\u8f7d\u5230\u8fd9\u91cc -->\n                            <\/div>\n                        <\/div>\n                    <\/div>\n                                        <div class=\"accordion-item\">\n                        <h4 class=\"accordion-header\" data-category=\"16\">\n                            Serie AS                        <\/h4>\n                        <div class=\"accordion-content\">\n                            <!-- \u52a0\u8f7d\u52a8\u753b\u548c\u6587\u7ae0\u5bb9\u5668 -->\n                            <div class=\"spinner\" style=\"display:none;\"><\/div>\n                            <div class=\"posts-container\">\n                                <!-- \u6587\u7ae0\u5c06\u52a0\u8f7d\u5230\u8fd9\u91cc -->\n                            <\/div>\n                        <\/div>\n                    <\/div>\n                                        <div class=\"accordion-item\">\n                        <h4 class=\"accordion-header\" data-category=\"14\">\n                            Serie AX                        <\/h4>\n                        <div class=\"accordion-content\">\n                            <!-- \u52a0\u8f7d\u52a8\u753b\u548c\u6587\u7ae0\u5bb9\u5668 -->\n                            <div class=\"spinner\" style=\"display:none;\"><\/div>\n                            <div class=\"posts-container\">\n                                <!-- \u6587\u7ae0\u5c06\u52a0\u8f7d\u5230\u8fd9\u91cc -->\n                            <\/div>\n                        <\/div>\n                    <\/div>\n                                        <div class=\"accordion-item\">\n                        <h4 class=\"accordion-header\" data-category=\"17\">\n                            Series Fun                        <\/h4>\n                        <div class=\"accordion-content\">\n                            <!-- \u52a0\u8f7d\u52a8\u753b\u548c\u6587\u7ae0\u5bb9\u5668 -->\n                            <div class=\"spinner\" style=\"display:none;\"><\/div>\n                            <div class=\"posts-container\">\n                                <!-- \u6587\u7ae0\u5c06\u52a0\u8f7d\u5230\u8fd9\u91cc -->\n                            <\/div>\n                        <\/div>\n                    <\/div>\n                                        <div class=\"accordion-item\">\n                        <h4 class=\"accordion-header\" data-category=\"11\">\n                            G Series                        <\/h4>\n                        <div class=\"accordion-content\">\n                            <!-- \u52a0\u8f7d\u52a8\u753b\u548c\u6587\u7ae0\u5bb9\u5668 -->\n                            <div class=\"spinner\" style=\"display:none;\"><\/div>\n                            <div class=\"posts-container\">\n                                <!-- \u6587\u7ae0\u5c06\u52a0\u8f7d\u5230\u8fd9\u91cc -->\n                            <\/div>\n                        <\/div>\n                    <\/div>\n                                        <div class=\"accordion-item\">\n                        <h4 class=\"accordion-header\" data-category=\"36\">\n                            GeekBook X Series                        <\/h4>\n                        <div class=\"accordion-content\">\n                            <!-- \u52a0\u8f7d\u52a8\u753b\u548c\u6587\u7ae0\u5bb9\u5668 -->\n                            <div class=\"spinner\" style=\"display:none;\"><\/div>\n                            <div class=\"posts-container\">\n                                <!-- \u6587\u7ae0\u5c06\u52a0\u8f7d\u5230\u8fd9\u91cc -->\n                            <\/div>\n                        <\/div>\n                    <\/div>\n                                        <div class=\"accordion-item\">\n                        <h4 class=\"accordion-header\" data-category=\"9\">\n                            Serie GT                        <\/h4>\n                        <div class=\"accordion-content\">\n                            <!-- \u52a0\u8f7d\u52a8\u753b\u548c\u6587\u7ae0\u5bb9\u5668 -->\n                            <div class=\"spinner\" style=\"display:none;\"><\/div>\n                            <div class=\"posts-container\">\n                                <!-- \u6587\u7ae0\u5c06\u52a0\u8f7d\u5230\u8fd9\u91cc -->\n                            <\/div>\n                        <\/div>\n                    <\/div>\n                                        <div class=\"accordion-item\">\n                        <h4 class=\"accordion-header\" data-category=\"4\">\n                            Serie IT                        <\/h4>\n                        <div class=\"accordion-content\">\n                            <!-- \u52a0\u8f7d\u52a8\u753b\u548c\u6587\u7ae0\u5bb9\u5668 -->\n                            <div class=\"spinner\" style=\"display:none;\"><\/div>\n                            <div class=\"posts-container\">\n                                <!-- \u6587\u7ae0\u5c06\u52a0\u8f7d\u5230\u8fd9\u91cc -->\n                            <\/div>\n                        <\/div>\n                    <\/div>\n                                        <div class=\"accordion-item\">\n                        <h4 class=\"accordion-header\" data-category=\"10\">\n                            Serie XT                        <\/h4>\n                        <div class=\"accordion-content\">\n                            <!-- \u52a0\u8f7d\u52a8\u753b\u548c\u6587\u7ae0\u5bb9\u5668 -->\n                            <div class=\"spinner\" style=\"display:none;\"><\/div>\n                            <div class=\"posts-container\">\n                                <!-- \u6587\u7ae0\u5c06\u52a0\u8f7d\u5230\u8fd9\u91cc -->\n                            <\/div>\n                        <\/div>\n                    <\/div>\n                                <\/div>\n\n            <!-- \u53f3\u4fa7\u5185\u5bb9\u533a\u57df\uff08PC \u7aef\uff09 -->\n            <div class=\"capa-posts\">\n                <div class=\"spinner\" style=\"display:none;\"><\/div>\n                <div class=\"posts-container\">\n                    <!-- \u6587\u7ae0\u5c06\u52a0\u8f7d\u5230\u8fd9\u91cc -->\n                <\/div>\n            <\/div>\n            <\/div>\n        <\/div>\n        <\/div>\n    <\/div>\n\n    <!-- \u5c06\u9ed8\u8ba4\u5206\u7c7b ID \u4f20\u9012\u7ed9 JavaScript -->\n    <script type=\"text\/javascript\">\n        var defaultCategoryId = '12';\n    <\/script>\n\n    \n\n\n\t\t<div data-elementor-type=\"page\" data-elementor-id=\"766\" class=\"elementor elementor-766\" data-elementor-post-type=\"elementor_library\">\n\t\t\t\t<div class=\"elementor-element elementor-element-2db1d649 gk_fullwidth_fix e-flex e-con-boxed e-con e-parent\" data-id=\"2db1d649\" data-element_type=\"container\" data-settings=\"{&quot;background_background&quot;:&quot;classic&quot;}\">\n\t\t\t\t\t<div class=\"e-con-inner\">\n\t\t\t\t<div class=\"elementor-element elementor-element-a5524ab elementor-widget elementor-widget-html\" data-id=\"a5524ab\" data-element_type=\"widget\" data-widget_type=\"html.default\">\n\t\t\t\t<div class=\"elementor-widget-container\">\n\t\t\t<style>\n.e-n-accordion details{\nborder-bottom: 1px solid #DADADA!important;\n}\n.gk-spt-gap1 .e-con-inner {\n    gap: 120px 0;\n}\n@media(max-width: 767px) {\n    .gk-spt-gap1 .e-con-inner {\n        gap: 60px 0;\n    }\n}\n<\/style>\t\t<\/div>\n\t\t\t\t<\/div>\n\t\t\t\t<div class=\"elementor-element elementor-element-740e1e2d elementor-widget elementor-widget-heading\" data-id=\"740e1e2d\" data-element_type=\"widget\" data-widget_type=\"heading.default\">\n\t\t\t\t<div class=\"elementor-widget-container\">\n\t\t\t<h2 class=\"elementor-heading-title elementor-size-default\">Actividad reciente<\/h2>\t\t<\/div>\n\t\t\t\t<\/div>\n\t\t\t\t<div class=\"elementor-element elementor-element-d67869b elementor-grid-tablet-3 elementor-grid-mobile-2 elementor-grid-3 elementor-posts--thumbnail-top elementor-posts--show-avatar elementor-card-shadow-yes elementor-posts__hover-gradient elementor-widget elementor-widget-posts\" data-id=\"d67869b\" data-element_type=\"widget\" data-settings=\"{&quot;cards_columns_tablet&quot;:&quot;3&quot;,&quot;cards_columns_mobile&quot;:&quot;2&quot;,&quot;cards_row_gap&quot;:{&quot;unit&quot;:&quot;px&quot;,&quot;size&quot;:20,&quot;sizes&quot;:[]},&quot;cards_row_gap_mobile&quot;:{&quot;unit&quot;:&quot;px&quot;,&quot;size&quot;:10,&quot;sizes&quot;:[]},&quot;cards_columns&quot;:&quot;3&quot;,&quot;cards_row_gap_tablet&quot;:{&quot;unit&quot;:&quot;px&quot;,&quot;size&quot;:&quot;&quot;,&quot;sizes&quot;:[]}}\" data-widget_type=\"posts.cards\">\n\t\t\t\t<div class=\"elementor-widget-container\">\n\t\t\t\t\t<div class=\"elementor-posts-container elementor-posts elementor-posts--skin-cards elementor-grid\">\n\t\t\t\t<article class=\"elementor-post elementor-grid-item post-2623 faq type-faq status-publish hentry faq_category-compatibility\">\n\t\t\t<div class=\"elementor-post__card\">\n\t\t\t\t<div class=\"elementor-post__text\">\n\t\t\t\t<h3 class=\"elementor-post__title\">\n\t\t\t<a href=\"https:\/\/service.geekompc.com\/es\/faq\/how-to-back-up-data-to-another-computer\/\" >\n\t\t\t\tHow to Back Up Data to Another Computer?\t\t\t<\/a>\n\t\t<\/h3>\n\t\t\t\t<div class=\"elementor-post__excerpt\">\n\t\t\t<p>Use the GEEKOM development data backup tool to back up data to another computer.<\/p>\n\t\t<\/div>\n\t\t\n\t\t<a class=\"elementor-post__read-more\" href=\"https:\/\/service.geekompc.com\/es\/faq\/how-to-back-up-data-to-another-computer\/\" aria-label=\"Read more about How to Back Up Data to Another Computer?\" tabindex=\"-1\" >\n\t\t\tLeer M\u00e1s \"\t\t<\/a>\n\n\t\t\t\t<\/div>\n\t\t\t\t<div class=\"elementor-post__meta-data\">\n\t\t\t\t\t<span class=\"elementor-post-date\">\n\t\t\tabril 29, 2026\t\t<\/span>\n\t\t\t\t<\/div>\n\t\t\t\t\t<\/div>\n\t\t<\/article>\n\t\t\t\t<article class=\"elementor-post elementor-grid-item post-2547 faq type-faq status-publish hentry faq_category-troubleshooting\">\n\t\t\t<div class=\"elementor-post__card\">\n\t\t\t\t<div class=\"elementor-post__text\">\n\t\t\t\t<h3 class=\"elementor-post__title\">\n\t\t\t<a href=\"https:\/\/service.geekompc.com\/es\/faq\/geekom-laptop-fingerprint-recognition-issues-and-solutions\/\" >\n\t\t\t\tGeekom Laptop Fingerprint Recognition Issues and Solutions\t\t\t<\/a>\n\t\t<\/h3>\n\t\t\t\t<div class=\"elementor-post__excerpt\">\n\t\t\t<p>The article addresses common fingerprint sensor issues such as registration failure, poor recognition, and no response<\/p>\n\t\t<\/div>\n\t\t\n\t\t<a class=\"elementor-post__read-more\" href=\"https:\/\/service.geekompc.com\/es\/faq\/geekom-laptop-fingerprint-recognition-issues-and-solutions\/\" aria-label=\"Read more about Geekom Laptop Fingerprint Recognition Issues and Solutions\" tabindex=\"-1\" >\n\t\t\tLeer M\u00e1s \"\t\t<\/a>\n\n\t\t\t\t<\/div>\n\t\t\t\t<div class=\"elementor-post__meta-data\">\n\t\t\t\t\t<span class=\"elementor-post-date\">\n\t\t\tabril 21, 2026\t\t<\/span>\n\t\t\t\t<\/div>\n\t\t\t\t\t<\/div>\n\t\t<\/article>\n\t\t\t\t<article class=\"elementor-post elementor-grid-item post-2532 faq type-faq status-publish hentry faq_category-compatibility\">\n\t\t\t<div class=\"elementor-post__card\">\n\t\t\t\t<div class=\"elementor-post__text\">\n\t\t\t\t<h3 class=\"elementor-post__title\">\n\t\t\t<a href=\"https:\/\/service.geekompc.com\/es\/faq\/instructions-regarding-the-secureboot-certificate-for-geekom-devices\/\" >\n\t\t\t\tInstructions Regarding the SecureBoot Certificate for GEEKOM Devices\t\t\t<\/a>\n\t\t<\/h3>\n\t\t\t\t<div class=\"elementor-post__excerpt\">\n\t\t\t<p>Overview of Required Action for GEEKOM Devices Regarding Microsoft\u2019s Security Certificate Expiration<br \/>\nMost GEEKOM devices have Secure Boot enabled by default, with certificate updates automatically delivered via Windows Update. Regular system and BIOS updates eliminate the need for manual intervention. Users are advised to verify certificate status and BIOS version to ensure ongoing security.<\/p>\n\t\t<\/div>\n\t\t\n\t\t<a class=\"elementor-post__read-more\" href=\"https:\/\/service.geekompc.com\/es\/faq\/instructions-regarding-the-secureboot-certificate-for-geekom-devices\/\" aria-label=\"Read more about Instructions Regarding the SecureBoot Certificate for GEEKOM Devices\" tabindex=\"-1\" >\n\t\t\tLeer M\u00e1s \"\t\t<\/a>\n\n\t\t\t\t<\/div>\n\t\t\t\t<div class=\"elementor-post__meta-data\">\n\t\t\t\t\t<span class=\"elementor-post-date\">\n\t\t\tmarzo 19, 2026\t\t<\/span>\n\t\t\t\t<\/div>\n\t\t\t\t\t<\/div>\n\t\t<\/article>\n\t\t\t\t<article class=\"elementor-post elementor-grid-item post-2492 faq type-faq status-publish hentry faq_category-maintenance-and-performance\">\n\t\t\t<div class=\"elementor-post__card\">\n\t\t\t\t<div class=\"elementor-post__text\">\n\t\t\t\t<h3 class=\"elementor-post__title\">\n\t\t\t<a href=\"https:\/\/service.geekompc.com\/es\/faq\/how-to-configure-for-the-best-experience-on-geekom-devices\/\" >\n\t\t\t\tHow to Configure for the Best Experience on GEEKOM Devices?\t\t\t<\/a>\n\t\t<\/h3>\n\t\t\t\t<div class=\"elementor-post__excerpt\">\n\t\t\t<p>The article provides four methods to optimize GEEKOM device performance.<\/p>\n\t\t<\/div>\n\t\t\n\t\t<a class=\"elementor-post__read-more\" href=\"https:\/\/service.geekompc.com\/es\/faq\/how-to-configure-for-the-best-experience-on-geekom-devices\/\" aria-label=\"Read more about How to Configure for the Best Experience on GEEKOM Devices?\" tabindex=\"-1\" >\n\t\t\tLeer M\u00e1s \"\t\t<\/a>\n\n\t\t\t\t<\/div>\n\t\t\t\t<div class=\"elementor-post__meta-data\">\n\t\t\t\t\t<span class=\"elementor-post-date\">\n\t\t\tfebrero 6, 2026\t\t<\/span>\n\t\t\t\t<\/div>\n\t\t\t\t\t<\/div>\n\t\t<\/article>\n\t\t\t\t<article class=\"elementor-post elementor-grid-item post-2165 faq type-faq status-publish hentry faq_category-install-and-setup faq_category-troubleshooting\">\n\t\t\t<div class=\"elementor-post__card\">\n\t\t\t\t<div class=\"elementor-post__text\">\n\t\t\t\t<h3 class=\"elementor-post__title\">\n\t\t\t<a href=\"https:\/\/service.geekompc.com\/es\/faq\/tutorial-for-fixing-a9-max-sleep-function-abnormalities\/\" >\n\t\t\t\tTutorial for Fixing A9 Max Sleep Function Abnormalities\t\t\t<\/a>\n\t\t<\/h3>\n\t\t\t\t<div class=\"elementor-post__excerpt\">\n\t\t\t<p>Reasons and Solutions for A9 Max Failing to Wake from Sleep Mode<\/p>\n\t\t<\/div>\n\t\t\n\t\t<a class=\"elementor-post__read-more\" href=\"https:\/\/service.geekompc.com\/es\/faq\/tutorial-for-fixing-a9-max-sleep-function-abnormalities\/\" aria-label=\"Read more about Tutorial for Fixing A9 Max Sleep Function Abnormalities\" tabindex=\"-1\" >\n\t\t\tLeer M\u00e1s \"\t\t<\/a>\n\n\t\t\t\t<\/div>\n\t\t\t\t<div class=\"elementor-post__meta-data\">\n\t\t\t\t\t<span class=\"elementor-post-date\">\n\t\t\tenero 7, 2026\t\t<\/span>\n\t\t\t\t<\/div>\n\t\t\t\t\t<\/div>\n\t\t<\/article>\n\t\t\t\t<article class=\"elementor-post elementor-grid-item post-977 faq type-faq status-publish hentry faq_category-install-and-setup\">\n\t\t\t<div class=\"elementor-post__card\">\n\t\t\t\t<div class=\"elementor-post__text\">\n\t\t\t\t<h3 class=\"elementor-post__title\">\n\t\t\t<a href=\"https:\/\/service.geekompc.com\/es\/faq\/update-bios-ec\/\" >\n\t\t\t\t\u00bfC\u00f3mo actualizar la BIOS o la EC?\t\t\t<\/a>\n\t\t<\/h3>\n\t\t\t\t<div class=\"elementor-post__excerpt\">\n\t\t\t<p>Este art\u00edculo proporciona una gu\u00eda detallada sobre la actualizaci\u00f3n de la BIOS y la CE para el GEEKOM MiniPC.<\/p>\n\t\t<\/div>\n\t\t\n\t\t<a class=\"elementor-post__read-more\" href=\"https:\/\/service.geekompc.com\/es\/faq\/update-bios-ec\/\" aria-label=\"Read more about How to update BIOS or EC?\" tabindex=\"-1\" >\n\t\t\tLeer M\u00e1s \"\t\t<\/a>\n\n\t\t\t\t<\/div>\n\t\t\t\t<div class=\"elementor-post__meta-data\">\n\t\t\t\t\t<span class=\"elementor-post-date\">\n\t\t\tdiciembre 31, 2025\t\t<\/span>\n\t\t\t\t<\/div>\n\t\t\t\t\t<\/div>\n\t\t<\/article>\n\t\t\t\t<\/div>\n\t\t\n\t\t\t\t<\/div>\n\t\t\t\t<\/div>\n\t\t\t\t<div class=\"elementor-element elementor-element-7bbaed7 elementor-align-center elementor-widget elementor-widget-button\" data-id=\"7bbaed7\" data-element_type=\"widget\" data-widget_type=\"button.default\">\n\t\t\t\t<div class=\"elementor-widget-container\">\n\t\t\t\t\t\t\t<div class=\"elementor-button-wrapper\">\n\t\t\t\t\t<a class=\"elementor-button elementor-button-link elementor-size-sm\" href=\"https:\/\/service.geekompc.com\/es\/faqs\/\">\n\t\t\t\t\t\t<span class=\"elementor-button-content-wrapper\">\n\t\t\t\t\t\t\t\t\t<span class=\"elementor-button-text\">Seguir leyendo <i class=\"icon-gk-icon-79\"><\/i><\/span>\n\t\t\t\t\t<\/span>\n\t\t\t\t\t<\/a>\n\t\t\t\t<\/div>\n\t\t\t\t\t\t<\/div>\n\t\t\t\t<\/div>\n\t\t\t\t\t<\/div>\n\t\t\t\t<\/div>\n\t\t<div class=\"elementor-element elementor-element-1796bca6 gk-spt-gap1 gk_fullwidth_fix e-flex e-con-boxed e-con e-parent\" data-id=\"1796bca6\" data-element_type=\"container\" data-settings=\"{&quot;background_background&quot;:&quot;classic&quot;}\">\n\t\t\t\t\t<div class=\"e-con-inner\">\n\t\t<div class=\"elementor-element elementor-element-43ff65dc e-con-full e-flex e-con e-child\" data-id=\"43ff65dc\" data-element_type=\"container\" data-settings=\"{&quot;background_background&quot;:&quot;classic&quot;}\">\n\t\t\t\t<div class=\"elementor-element elementor-element-be45715 elementor-widget elementor-widget-video\" data-id=\"be45715\" data-element_type=\"widget\" data-settings=\"{&quot;youtube_url&quot;:&quot;https:\\\/\\\/www.youtube.com\\\/watch?v=T8aieFEGQbE&quot;,&quot;video_type&quot;:&quot;youtube&quot;,&quot;controls&quot;:&quot;yes&quot;}\" data-widget_type=\"video.default\">\n\t\t\t\t<div class=\"elementor-widget-container\">\n\t\t\t\t\t<div class=\"elementor-wrapper elementor-open-inline\">\n\t\t\t<div class=\"elementor-video\"><\/div>\t\t<\/div>\n\t\t\t\t<\/div>\n\t\t\t\t<\/div>\n\t\t\t\t<\/div>\n\t\t<div class=\"elementor-element elementor-element-466fc818 e-con-full e-flex e-con e-child\" data-id=\"466fc818\" data-element_type=\"container\" data-settings=\"{&quot;background_background&quot;:&quot;classic&quot;}\">\n\t\t\t\t<div class=\"elementor-element elementor-element-0ca4821 elementor-widget elementor-widget-video\" data-id=\"0ca4821\" data-element_type=\"widget\" data-settings=\"{&quot;youtube_url&quot;:&quot;https:\\\/\\\/www.youtube.com\\\/watch?v=AMso-a184QI&quot;,&quot;video_type&quot;:&quot;youtube&quot;,&quot;controls&quot;:&quot;yes&quot;}\" data-widget_type=\"video.default\">\n\t\t\t\t<div class=\"elementor-widget-container\">\n\t\t\t\t\t<div class=\"elementor-wrapper elementor-open-inline\">\n\t\t\t<div class=\"elementor-video\"><\/div>\t\t<\/div>\n\t\t\t\t<\/div>\n\t\t\t\t<\/div>\n\t\t\t\t<\/div>\n\t\t<div class=\"elementor-element elementor-element-5c4179b4 e-con-full e-flex e-con e-child\" data-id=\"5c4179b4\" data-element_type=\"container\">\n\t\t<div class=\"elementor-element elementor-element-44e709e3 e-con-full e-flex e-con e-child\" data-id=\"44e709e3\" data-element_type=\"container\" data-settings=\"{&quot;background_background&quot;:&quot;classic&quot;}\">\n\t\t\t\t<div class=\"elementor-element elementor-element-46cf9e59 elementor-widget elementor-widget-heading\" data-id=\"46cf9e59\" data-element_type=\"widget\" data-widget_type=\"heading.default\">\n\t\t\t\t<div class=\"elementor-widget-container\">\n\t\t\t<h2 class=\"elementor-heading-title elementor-size-default\">Contacte con nosotros<\/h2>\t\t<\/div>\n\t\t\t\t<\/div>\n\t\t\t\t<div class=\"elementor-element elementor-element-4a9c8baa elementor-widget__width-initial elementor-widget elementor-widget-heading\" data-id=\"4a9c8baa\" data-element_type=\"widget\" data-widget_type=\"heading.default\">\n\t\t\t\t<div class=\"elementor-widget-container\">\n\t\t\t<p class=\"elementor-heading-title elementor-size-default\">S\u00edganos en las redes sociales, env\u00edenos un correo electr\u00f3nico o ll\u00e1menos.<\/p>\t\t<\/div>\n\t\t\t\t<\/div>\n\t\t\t\t<div class=\"elementor-element elementor-element-106145f4 elementor-align-left elementor-widget elementor-widget-button\" data-id=\"106145f4\" data-element_type=\"widget\" data-widget_type=\"button.default\">\n\t\t\t\t<div class=\"elementor-widget-container\">\n\t\t\t\t\t\t\t<div class=\"elementor-button-wrapper\">\n\t\t\t\t\t<a class=\"elementor-button elementor-button-link elementor-size-sm\" href=\"https:\/\/www.geekompc.com\/contact-us\/\">\n\t\t\t\t\t\t<span class=\"elementor-button-content-wrapper\">\n\t\t\t\t\t\t\t\t\t<span class=\"elementor-button-text\">SABER M\u00c1S <i class=\"icon-gk-icon-79\"><\/i><\/span>\n\t\t\t\t\t<\/span>\n\t\t\t\t\t<\/a>\n\t\t\t\t<\/div>\n\t\t\t\t\t\t<\/div>\n\t\t\t\t<\/div>\n\t\t\t\t<\/div>\n\t\t\t\t<\/div>\n\t\t\t\t\t<\/div>\n\t\t\t\t<\/div>\n\t\t\t\t<\/div>","protected":false},"excerpt":{"rendered":"","protected":false},"author":1,"featured_media":0,"parent":0,"menu_order":0,"comment_status":"closed","ping_status":"closed","template":"elementor_header_footer","meta":{"_acf_changed":false,"footnotes":""},"class_list":["post-46","page","type-page","status-publish","hentry"],"acf":[],"_links":{"self":[{"href":"https:\/\/service.geekompc.com\/es\/wp-json\/wp\/v2\/pages\/46","targetHints":{"allow":["GET"]}}],"collection":[{"href":"https:\/\/service.geekompc.com\/es\/wp-json\/wp\/v2\/pages"}],"about":[{"href":"https:\/\/service.geekompc.com\/es\/wp-json\/wp\/v2\/types\/page"}],"author":[{"embeddable":true,"href":"https:\/\/service.geekompc.com\/es\/wp-json\/wp\/v2\/users\/1"}],"replies":[{"embeddable":true,"href":"https:\/\/service.geekompc.com\/es\/wp-json\/wp\/v2\/comments?post=46"}],"version-history":[{"count":3,"href":"https:\/\/service.geekompc.com\/es\/wp-json\/wp\/v2\/pages\/46\/revisions"}],"predecessor-version":[{"id":843,"href":"https:\/\/service.geekompc.com\/es\/wp-json\/wp\/v2\/pages\/46\/revisions\/843"}],"wp:attachment":[{"href":"https:\/\/service.geekompc.com\/es\/wp-json\/wp\/v2\/media?parent=46"}],"curies":[{"name":"wp","href":"https:\/\/api.w.org\/{rel}","templated":true}]}}